{"id":155,"date":"2022-07-04T10:19:15","date_gmt":"2022-07-04T10:19:15","guid":{"rendered":"http:\/\/uncovabuse.mruni.eu\/?page_id=155"},"modified":"2023-06-27T09:20:42","modified_gmt":"2023-06-27T09:20:42","slug":"presentations-at-conferences","status":"publish","type":"page","link":"https:\/\/uncovabuse.mruni.eu\/?page_id=155","title":{"rendered":"Presentations at Conferences"},"content":{"rendered":"\n<p><strong>ISSBD<\/strong><\/p>\n\n\n\n<p>Segal A., Pompedda F., Haginoya S., Kaniu\u0161onyt\u0117 G., Santtila P. (2022). Simulated interview avatars with child sexual abuse (vs.no abuse) scenarios elicit different emotional reactions.&nbsp;&nbsp;<em>Poster Presentation at the 26th Biennial Meeting of the International Society for the Study of Behavioural Development (ISSBD), Rhodes, Greece<\/em>.<\/p>\n\n\n\n<div class=\"wp-block-file\"><a id=\"wp-block-file--media-d27be50a-ef0a-43ad-ab6c-13887ab15086\" href=\"http:\/\/uncovabuse.mruni.eu\/wp-content\/uploads\/2022\/07\/Program-ISSBD_2022.pdf\">Link to the program<br><\/a><a href=\"http:\/\/uncovabuse.mruni.eu\/wp-content\/uploads\/2022\/07\/Program-ISSBD_2022.pdf\" class=\"wp-block-file__button\" download aria-describedby=\"wp-block-file--media-d27be50a-ef0a-43ad-ab6c-13887ab15086\">Download<\/a><\/div>\n\n\n\n<p><strong>ENGV<\/strong><\/p>\n\n\n\n<p>Bakaityt\u0117, A., Kaniu\u0161onyt\u0117, G., Segal, A., \u017dukauskien\u0117, R. (2022). Prevalence and Patterns of Child Abuse in Nationally Representative Sample in Lithuania. Poster presentation at the <em>Annual Conference of the European Network on Gender and Violence (ENGV), 8 \u2013 10 June, Copenhagen, Denmark.<\/em><\/p>\n\n\n\n<div class=\"wp-block-file\"><a id=\"wp-block-file--media-fc2b17a0-c574-45b4-8f0a-4a20cba98b65\" href=\"http:\/\/uncovabuse.mruni.eu\/wp-content\/uploads\/2022\/07\/Program.pdf\">Link to the program<br><\/a><a href=\"http:\/\/uncovabuse.mruni.eu\/wp-content\/uploads\/2022\/07\/Program.pdf\" class=\"wp-block-file__button\" download aria-describedby=\"wp-block-file--media-fc2b17a0-c574-45b4-8f0a-4a20cba98b65\">Download<\/a><\/div>\n\n\n\n<p><strong>InPACT<\/strong><\/p>\n\n\n\n<p>Segal, A., Kaniu\u0161onyt\u0117, G., Bakaityt\u0117, A., \u017dukauskien\u0117, R., Santtila P. (2023). Role of emotions in the assessment of CSA interviews. Poster presentation at the InPACT conference, 22 &#8211; 24 April, Lisbon, Portugal.<\/p>\n\n\n\n<p>Bakaityt\u0117, A., Segal, A., Kaniu\u0161onyt\u0117, G., Ustinavi\u010di\u016bt\u0117-Klenausk\u0117, L., \u017dukauskien\u0117, R. (2023). The co-occurrence of different forms of childhood abuse. Poster presentation at the InPACT conference, 22 &#8211; 24 April, Lisbon, Portugal.<\/p>\n\n\n\n<p>Ustinavi\u010di\u016bt\u0117-Klenausk\u0117, L., Bakaityt\u0117, A., \u017dukauskien\u0117, R., Segal, A., Kaniu\u0161onyt\u0117, G. (2023). Perpetrators of different forms of child sexual abuse in a nationally representative sample of Lithuania. Poster presentation at the InPACT conference, 22 &#8211; 24 April, Lisbon, Portugal.<\/p>\n\n\n\n<div class=\"wp-block-file\"><a id=\"wp-block-file--media-e1d3b006-5bb7-4186-a1d4-5dc54a41dabf\" href=\"http:\/\/uncovabuse.mruni.eu\/wp-content\/uploads\/2023\/06\/Conference_Program_InPACT2023.pdf\">Link to the program<br><\/a><a href=\"http:\/\/uncovabuse.mruni.eu\/wp-content\/uploads\/2023\/06\/Conference_Program_InPACT2023.pdf\" class=\"wp-block-file__button\" download aria-describedby=\"wp-block-file--media-e1d3b006-5bb7-4186-a1d4-5dc54a41dabf\">Download<\/a><\/div>\n\n\n\n<p><\/p>\n\n\n\n<p><strong>EAPL<\/strong><\/p>\n\n\n\n<p>Segal, A., Kaniu\u0161onyt\u0117, G., Ustinavi\u010di\u016bt\u0117-Klenausk\u0117, L., Haginoya, S., Zhang, Y., Pompedda, F., \u017dukauskien\u0117, R., Santtila, P. (2023). Associations between emotions and confirmation bias in questions formulation in real time in ongoing simulated investigative child sexual abuse (CSA) interviews. Poster presentation at the 2023 annual conference of the European Association of Psychology and Law (EAPL), Cluj-Napoca, Romania.<\/p>\n\n\n\n<div class=\"wp-block-file\"><a id=\"wp-block-file--media-eb9a9a56-808c-4934-9ce2-09ff13a5202b\" href=\"http:\/\/uncovabuse.mruni.eu\/wp-content\/uploads\/2023\/06\/Program-EAPL.xlsx\">Link to the program<br><\/a><a href=\"http:\/\/uncovabuse.mruni.eu\/wp-content\/uploads\/2023\/06\/Program-EAPL.xlsx\" class=\"wp-block-file__button\" download aria-describedby=\"wp-block-file--media-eb9a9a56-808c-4934-9ce2-09ff13a5202b\">Download<\/a><\/div>\n\n\n\n<p><\/p>\n\n\n\n<p><strong>LPK<\/strong><\/p>\n\n\n\n<p>Segal, A, Bakaityt\u0117, A., Kaniu\u0161onyt\u0117, G., Ustinavi\u010di\u016bt\u0117-Klenausk\u0117, L., Haginoya S., Yikang Zhang, Y., Pompedda F., \u017dukauskien\u0117, R, Santtila P. (2023). Associations between psychophysiological indicators and question formulation in ongoing simulated Investigative interviews of child sexual abuse. Lietuvos psicholog\u0173 kongresas, 2023, Vilnius.<\/p>\n\n\n\n<p>Ustinavi\u010di\u016bt\u0117-Klenausk\u0117, L., Bakaityt\u0117, A., Segal, A., Kaniu\u0161onyt\u0117, G., \u017dukauskien\u0117, R. (2023). Projekto \u201cSeksualin\u0117s prievartos, patirtos vaikyst\u0117je, atskleidimas: paplitimo vertinimas ir lietuvi\u0161kos simuliuotos interviu platformos (EIT) versijos k\u016brimas (UNCOVABUSE)\u201d pristatymas. \u017dodinis prane\u0161imas Lietuvos Psicholog\u0173 kongrese, Vilnius, Lietuva.<\/p>\n\n\n\n<div class=\"wp-block-file\"><a id=\"wp-block-file--media-485329de-a107-4e2b-a39a-ad86f9c6b5af\" href=\"http:\/\/uncovabuse.mruni.eu\/wp-content\/uploads\/2023\/06\/LPK-2023-programa.pdf\">Link to the program<br><\/a><a href=\"http:\/\/uncovabuse.mruni.eu\/wp-content\/uploads\/2023\/06\/LPK-2023-programa.pdf\" class=\"wp-block-file__button\" download aria-describedby=\"wp-block-file--media-485329de-a107-4e2b-a39a-ad86f9c6b5af\">Download<\/a><\/div>\n","protected":false},"excerpt":{"rendered":"<p>ISSBD Segal A., Pompedda F., Haginoya S., Kaniu\u0161onyt\u0117 G., Santtila P. (2022). Simulated interview avatars with child sexual abuse (vs.no abuse) scenarios elicit different emotional reactions.&nbsp;&nbsp;Poster Presentation at the 26th Biennial Meeting of the International Society for the Study of Behavioural Development (ISSBD), Rhodes, Greece. ENGV Bakaityt\u0117, A., Kaniu\u0161onyt\u0117, G., Segal, A., \u017dukauskien\u0117, R. (2022). &hellip; <\/p>\n<p class=\"link-more\"><a href=\"https:\/\/uncovabuse.mruni.eu\/?page_id=155\" class=\"more-link\">Continue reading<span class=\"screen-reader-text\"> &#8220;Presentations at Conferences&#8221;<\/span><\/a><\/p>\n","protected":false},"author":2,"featured_media":0,"parent":0,"menu_order":0,"comment_status":"closed","ping_status":"closed","template":"","meta":{"footnotes":""},"class_list":["post-155","page","type-page","status-publish","hentry"],"_links":{"self":[{"href":"https:\/\/uncovabuse.mruni.eu\/index.php?rest_route=\/wp\/v2\/pages\/155","targetHints":{"allow":["GET"]}}],"collection":[{"href":"https:\/\/uncovabuse.mruni.eu\/index.php?rest_route=\/wp\/v2\/pages"}],"about":[{"href":"https:\/\/uncovabuse.mruni.eu\/index.php?rest_route=\/wp\/v2\/types\/page"}],"author":[{"embeddable":true,"href":"https:\/\/uncovabuse.mruni.eu\/index.php?rest_route=\/wp\/v2\/users\/2"}],"replies":[{"embeddable":true,"href":"https:\/\/uncovabuse.mruni.eu\/index.php?rest_route=%2Fwp%2Fv2%2Fcomments&post=155"}],"version-history":[{"count":11,"href":"https:\/\/uncovabuse.mruni.eu\/index.php?rest_route=\/wp\/v2\/pages\/155\/revisions"}],"predecessor-version":[{"id":187,"href":"https:\/\/uncovabuse.mruni.eu\/index.php?rest_route=\/wp\/v2\/pages\/155\/revisions\/187"}],"wp:attachment":[{"href":"https:\/\/uncovabuse.mruni.eu\/index.php?rest_route=%2Fwp%2Fv2%2Fmedia&parent=155"}],"curies":[{"name":"wp","href":"https:\/\/api.w.org\/{rel}","templated":true}]}}